{"id":275,"date":"2022-05-23T11:09:46","date_gmt":"2022-05-23T11:09:46","guid":{"rendered":"http:\/\/dummy.xtemos.com\/woodmart2\/megamarket-elementor\/?page_id=275"},"modified":"2025-01-08T11:53:05","modified_gmt":"2025-01-08T14:53:05","slug":"about-us","status":"publish","type":"page","link":"https:\/\/orbitautomacao.com.br\/loja\/about-us\/","title":{"rendered":"About us"},"content":{"rendered":"\t\t<div data-elementor-type=\"wp-page\" data-elementor-id=\"275\" class=\"elementor elementor-275\" data-elementor-post-type=\"page\">\n\t\t\t\t<div class=\"wd-negative-gap elementor-element elementor-element-b9b6a90 e-flex e-con-boxed e-con e-parent\" data-id=\"b9b6a90\" data-element_type=\"container\" data-e-type=\"container\">\n\t\t\t\t\t<div class=\"e-con-inner\">\n\t\t<div class=\"elementor-element elementor-element-9cbcb1a e-con-full e-flex e-con e-child\" data-id=\"9cbcb1a\" data-element_type=\"container\" data-e-type=\"container\">\n\t\t\t\t<div class=\"elementor-element elementor-element-27806e0 wd-width-100 elementor-widget elementor-widget-wd_title\" data-id=\"27806e0\" data-element_type=\"widget\" data-e-type=\"widget\" data-widget_type=\"wd_title.default\">\n\t\t\t\t<div class=\"elementor-widget-container\">\n\t\t\t\t\t\t\t<div class=\"title-wrapper set-mb-s reset-last-child wd-title-color-default wd-title-style-default wd-title-size-large text-left\">\n\n\t\t\t\n\t\t\t<div class=\"liner-continer\">\n\t\t\t\t<h4 class=\"woodmart-title-container title wd-fontsize-xxl\">Conhe\u00e7a o Megamarket<\/h4> \n\t\t\t\t\t\t\t<\/div>\n\n\t\t\t\t\t<\/div>\n\t\t\t\t\t\t<\/div>\n\t\t\t\t<\/div>\n\t\t\t\t<div class=\"elementor-element elementor-element-bd2c400 elementor-widget elementor-widget-wd_text_block\" data-id=\"bd2c400\" data-element_type=\"widget\" data-e-type=\"widget\" data-widget_type=\"wd_text_block.default\">\n\t\t\t\t<div class=\"elementor-widget-container\">\n\t\t\t\t\t\t\t<div class=\"wd-text-block reset-last-child text-left\">\n\t\t\t\n\t\t\t<p>Na pior das hip\u00f3teses, a discuss\u00e3o \u00e9 pelo menos trabalhar para o objetivo final do seu site, onde as perguntas sobre o lorem ipsum n\u00e3o funcionam. Fa\u00e7a isso de maneira errada e o rascunho pode atrapalhar sua revis\u00e3o de design.<\/p><p>Desenvolva seus l\u00edderes em uma vantagem competitiva. Reconecte seu poder de l\u00edder ao sucesso<\/p>\n\t\t\t\t\t<\/div>\n\t\t\t\t\t\t<\/div>\n\t\t\t\t<\/div>\n\t\t\t\t<\/div>\n\t\t<div class=\"elementor-element elementor-element-3659915 e-con-full e-flex e-con e-child\" data-id=\"3659915\" data-element_type=\"container\" data-e-type=\"container\">\n\t\t\t\t<div class=\"elementor-element elementor-element-b1e0ae7 wd-width-100 elementor-widget elementor-widget-wd_video\" data-id=\"b1e0ae7\" data-element_type=\"widget\" data-e-type=\"widget\" data-widget_type=\"wd_video.default\">\n\t\t\t\t<div class=\"elementor-widget-container\">\n\t\t\t\t\t\n\t\t<div class=\"wd-el-video wd-action-overlay wd-video-youtube wd-with-aspect-ratio wd-lightbox\">\n\t\t\t\n\t\t\t\n\t\t\t\n\t\t\t\t\t\t\t<div class=\"wd-el-video-overlay wd-fill\">\n\t\t\t\t\t<img fetchpriority=\"high\" decoding=\"async\" width=\"670\" height=\"670\" src=\"https:\/\/orbitautomacao.com.br\/loja\/wp-content\/uploads\/2022\/05\/banner-2.jpg\" class=\"attachment-full size-full\" alt=\"\" \/>\t\t\t\t<\/div>\n\t\t\t\t<div class=\"wd-el-video-control color-scheme-light wd-fill\">\n\t\t\t\t\t<span class=\"wd-el-video-play-btn\"><\/span>\n\t\t\t\t\t\t\t\t\t<\/div>\n\n\t\t\t\t<a class=\"wd-el-video-link wd-el-video-btn-overlay wd-fill wd-el-video-lightbox\" href=\"https:\/\/www.youtube.com\/watch?v=XHOmBV4js_E\"><\/a>\n\t\t\t\t\t<\/div>\n\t\t\t\t\t\t<\/div>\n\t\t\t\t<\/div>\n\t\t\t\t<\/div>\n\t\t\t\t\t<\/div>\n\t\t\t\t<\/div>\n\t\t<div class=\"wd-negative-gap elementor-element elementor-element-7e2bb63 e-flex e-con-boxed e-con e-parent\" data-id=\"7e2bb63\" data-element_type=\"container\" data-e-type=\"container\">\n\t\t\t\t\t<div class=\"e-con-inner\">\n\t\t<div class=\"elementor-element elementor-element-52dbbb5 e-con-full e-flex e-con e-child\" data-id=\"52dbbb5\" data-element_type=\"container\" data-e-type=\"container\">\n\t\t\t\t<div class=\"elementor-element elementor-element-c17fd5d wd-width-100 elementor-widget elementor-widget-wd_title\" data-id=\"c17fd5d\" data-element_type=\"widget\" data-e-type=\"widget\" data-widget_type=\"wd_title.default\">\n\t\t\t\t<div class=\"elementor-widget-container\">\n\t\t\t\t\t\t\t<div class=\"title-wrapper set-mb-s reset-last-child wd-title-color-default wd-title-style-default wd-title-size-medium text-left\">\n\n\t\t\t\n\t\t\t<div class=\"liner-continer\">\n\t\t\t\t<h4 class=\"woodmart-title-container title wd-fontsize-xl\">O que as pessoas dizem sobre n\u00f3s<\/h4> \n\t\t\t\t\t\t\t<\/div>\n\n\t\t\t\t\t<\/div>\n\t\t\t\t\t\t<\/div>\n\t\t\t\t<\/div>\n\t\t\t\t<div class=\"elementor-element elementor-element-209a176 elementor-widget elementor-widget-wd_testimonials\" data-id=\"209a176\" data-element_type=\"widget\" data-e-type=\"widget\" data-widget_type=\"wd_testimonials.default\">\n\t\t\t\t<div class=\"elementor-widget-container\">\n\t\t\t\t\t\t\t<div class=\"testimonials testimon-style-info-top  color-scheme- wd-carousel-container\" id=\"carousel-1406\">\n\t\t\t\t\t\t\t<div class=\"wd-carousel-inner\">\n\t\t\t\n\t\t\t<div class=\"wd-carousel wd-grid\" data-scroll_per_page=\"yes\" style=\"--wd-col-lg:1;--wd-col-md:1;--wd-col-sm:1;--wd-gap-lg:20px;--wd-gap-sm:10px;\">\n\t\t\t\t\t\t\t\t\t<div class=\"wd-carousel-wrap\">\n\t\t\t\t\n\t\t\t\t\t\t\t\t\t\n<div class=\"wd-testimon wd-carousel-item\">\n\t<div class=\"wd-testimon-info\">\n\t\t\t\t\t<div class=\"wd-testimon-thumb\">\n\t\t\t\t<img decoding=\"async\" width=\"100\" height=\"100\" src=\"https:\/\/orbitautomacao.com.br\/loja\/wp-content\/uploads\/2022\/05\/megamarket-testimonials-pic-3.jpg\" class=\"testimonial-avatar-image\" alt=\"\" \/>\t\t\t<\/div>\n\t\t\n\t\t<div class=\"wd-testimon-bio\">\n\t\t\t\t\t\t\t<div class=\"wd-testimon-name title\">\n\t\t\t\t\tKingsley Chandler\t\t\t\t<\/div>\n\t\t\t\n\t\t\t\t\t\t\t<div class=\"wd-testimon-pos\">\n\t\t\t\t\tCliente\t\t\t\t<\/div>\n\t\t\t\n\t\t\t<div class=\"star-rating\">\n\t\t\t\t<span style=\"width:100%\"><\/span>\n\t\t\t<\/div>\n\t\t<\/div>\n\t<\/div>\n\n\t\t\t<div class=\"wd-testimon-text reset-last-child\">\n\t\t\t<p>Lorem ipsum, or lipsum as it is sometimes known, is dummy text used in laying out print, graphic or web designs.<\/p>\t\t<\/div>\n\t<\/div>\t\t\t\t\t\t\t\t\t\n<div class=\"wd-testimon wd-carousel-item\">\n\t<div class=\"wd-testimon-info\">\n\t\t\t\t\t<div class=\"wd-testimon-thumb\">\n\t\t\t\t<img decoding=\"async\" width=\"100\" height=\"100\" src=\"https:\/\/orbitautomacao.com.br\/loja\/wp-content\/uploads\/2022\/05\/megamarket-testimonials-pic-2.jpg\" class=\"testimonial-avatar-image\" alt=\"\" \/>\t\t\t<\/div>\n\t\t\n\t\t<div class=\"wd-testimon-bio\">\n\t\t\t\t\t\t\t<div class=\"wd-testimon-name title\">\n\t\t\t\t\tOrson Lancaster\t\t\t\t<\/div>\n\t\t\t\n\t\t\t\t\t\t\t<div class=\"wd-testimon-pos\">\n\t\t\t\t\tCliente\t\t\t\t<\/div>\n\t\t\t\n\t\t\t<div class=\"star-rating\">\n\t\t\t\t<span style=\"width:100%\"><\/span>\n\t\t\t<\/div>\n\t\t<\/div>\n\t<\/div>\n\n\t\t\t<div class=\"wd-testimon-text reset-last-child\">\n\t\t\t<p>If the copy becomes distracting in the design then you are doing something wrong or they are discussing copy changes.<\/p>\t\t<\/div>\n\t<\/div>\t\t\t\t\t\t\t\t\t\n<div class=\"wd-testimon wd-carousel-item\">\n\t<div class=\"wd-testimon-info\">\n\t\t\t\t\t<div class=\"wd-testimon-thumb\">\n\t\t\t\t<img loading=\"lazy\" decoding=\"async\" width=\"100\" height=\"100\" src=\"https:\/\/orbitautomacao.com.br\/loja\/wp-content\/uploads\/2022\/05\/megamarket-testimonials-pic-1.jpg\" class=\"testimonial-avatar-image\" alt=\"\" \/>\t\t\t<\/div>\n\t\t\n\t\t<div class=\"wd-testimon-bio\">\n\t\t\t\t\t\t\t<div class=\"wd-testimon-name title\">\n\t\t\t\t\tHarleigh Dodson\t\t\t\t<\/div>\n\t\t\t\n\t\t\t\t\t\t\t<div class=\"wd-testimon-pos\">\n\t\t\t\t\tCliente\t\t\t\t<\/div>\n\t\t\t\n\t\t\t<div class=\"star-rating\">\n\t\t\t\t<span style=\"width:100%\"><\/span>\n\t\t\t<\/div>\n\t\t<\/div>\n\t<\/div>\n\n\t\t\t<div class=\"wd-testimon-text reset-last-child\">\n\t\t\t<p>At worst the discussion is at least working towards the final goal of your site where questions about don\u2019t.<\/p>\t\t<\/div>\n\t<\/div>\t\t\t\t\n\t\t\t\t\t\t\t\t\t<\/div>\n\t\t\t\t\t\t\t<\/div>\n\t\t\t\t\t\t\t\t\t\t\t\t\t\t<div class=\"wd-nav-arrows wd-pos-sep wd-hover-1 wd-icon-1\">\n\t\t\t<div class=\"wd-btn-arrow wd-prev wd-disabled\">\n\t\t\t\t<div class=\"wd-arrow-inner\"><\/div>\n\t\t\t<\/div>\n\t\t\t<div class=\"wd-btn-arrow wd-next\">\n\t\t\t\t<div class=\"wd-arrow-inner\"><\/div>\n\t\t\t<\/div>\n\t\t<\/div>\n\t\t\t\t\t\t\n\t\t\t\t<\/div>\n\n\t\t\t\t\t\t\t\t\t\t\t\t\t<\/div>\n\t\t\t\t\t\t<\/div>\n\t\t\t\t<\/div>\n\t\t\t\t<div class=\"elementor-element elementor-element-2b3bdf9 wd-width-100 elementor-widget elementor-widget-wd_title\" data-id=\"2b3bdf9\" data-element_type=\"widget\" data-e-type=\"widget\" data-widget_type=\"wd_title.default\">\n\t\t\t\t<div class=\"elementor-widget-container\">\n\t\t\t\t\t\t\t<div class=\"title-wrapper set-mb-s reset-last-child wd-title-color-default wd-title-style-default wd-title-size-medium text-left\">\n\n\t\t\t\n\t\t\t<div class=\"liner-continer\">\n\t\t\t\t<h4 class=\"woodmart-title-container title wd-fontsize-xl\">Quem n\u00f3s servimos<\/h4> \n\t\t\t\t\t\t\t<\/div>\n\n\t\t\t\t\t<\/div>\n\t\t\t\t\t\t<\/div>\n\t\t\t\t<\/div>\n\t\t\t\t<div class=\"elementor-element elementor-element-b504e17 elementor-widget elementor-widget-wd_text_block\" data-id=\"b504e17\" data-element_type=\"widget\" data-e-type=\"widget\" data-widget_type=\"wd_text_block.default\">\n\t\t\t\t<div class=\"elementor-widget-container\">\n\t\t\t\t\t\t\t<div class=\"wd-text-block reset-last-child text-left\">\n\t\t\t\n\t\t\t<p>Pedir ao cliente que n\u00e3o preste aten\u00e7\u00e3o Lorem Ipsum n\u00e3o \u00e9 dif\u00edcil, pois n\u00e3o faz sentido, em primeiro lugar, isso limitar\u00e1 qualquer interesse inicial em breve. Tente dizer a um cliente para ignorar a c\u00f3pia do rascunho, no entanto, e voc\u00ea est\u00e1 \u00e0 espera de algo que voc\u00ea n\u00e3o pode ganhar. Sempre que um rascunho aparece em uma reuni\u00e3o, perguntas confusas sobre isso acontecem.<\/p><p>O Lorem Ipsum \u00e9 necess\u00e1rio porque as palavras importam, muito. Basta preencher uma p\u00e1gina com um rascunho de c\u00f3pia sobre o neg\u00f3cio do cliente e eles realmente v\u00e3o l\u00ea-lo e comentar sobre ele. Eles ser\u00e3o atra\u00eddos por isso, ferozmente.<\/p>\n\t\t\t\t\t<\/div>\n\t\t\t\t\t\t<\/div>\n\t\t\t\t<\/div>\n\t\t\t\t<\/div>\n\t\t<div class=\"elementor-element elementor-element-e6479af e-con-full e-flex e-con e-child\" data-id=\"e6479af\" data-element_type=\"container\" data-e-type=\"container\">\n\t\t\t\t<div class=\"elementor-element elementor-element-f9cfa35 wd-width-100 elementor-widget elementor-widget-wd_title\" data-id=\"f9cfa35\" data-element_type=\"widget\" data-e-type=\"widget\" data-widget_type=\"wd_title.default\">\n\t\t\t\t<div class=\"elementor-widget-container\">\n\t\t\t\t\t\t\t<div class=\"title-wrapper set-mb-s reset-last-child wd-title-color-default wd-title-style-default wd-title-size-medium text-left\">\n\n\t\t\t\n\t\t\t<div class=\"liner-continer\">\n\t\t\t\t<h4 class=\"woodmart-title-container title wd-fontsize-xl\">O que n\u00f3s fazemos<\/h4> \n\t\t\t\t\t\t\t<\/div>\n\n\t\t\t\t\t<\/div>\n\t\t\t\t\t\t<\/div>\n\t\t\t\t<\/div>\n\t\t\t\t<div class=\"elementor-element elementor-element-c0358fb elementor-widget elementor-widget-wd_text_block\" data-id=\"c0358fb\" data-element_type=\"widget\" data-e-type=\"widget\" data-widget_type=\"wd_text_block.default\">\n\t\t\t\t<div class=\"elementor-widget-container\">\n\t\t\t\t\t\t\t<div class=\"wd-text-block reset-last-child text-left\">\n\t\t\t\n\t\t\t<p>O Lorem Ipsum \u00e9 necess\u00e1rio porque as palavras importam, muito. Basta preencher uma p\u00e1gina com um rascunho de c\u00f3pia sobre o neg\u00f3cio do cliente e eles realmente v\u00e3o l\u00ea-lo e comentar sobre ele. Eles ser\u00e3o atra\u00eddos por isso, ferozmente. Fa\u00e7a isso da maneira errada e rascunho copy pode atrapalhar sua revis\u00e3o de design.Pe\u00e7o ao cliente que n\u00e3o preste aten\u00e7\u00e3o Lorem Ipsum n\u00e3o \u00e9 dif\u00edcil, pois n\u00e3o faz sentido em primeiro lugar, isso limitar\u00e1 qualquer interesse inicial em breve. Tente dizer a um cliente para ignorar a c\u00f3pia do rascunho, no entanto, e voc\u00ea est\u00e1 fazendo algo que voc\u00ea n\u00e3o pode ganhar. Sempre que um rascunho aparece em uma reuni\u00e3o, perguntas confusas sobre isso acontecem.<\/p>\n\t\t\t\t\t<\/div>\n\t\t\t\t\t\t<\/div>\n\t\t\t\t<\/div>\n\t\t\t\t<div class=\"elementor-element elementor-element-6f7ac0a wd-width-100 elementor-widget elementor-widget-wd_title\" data-id=\"6f7ac0a\" data-element_type=\"widget\" data-e-type=\"widget\" data-widget_type=\"wd_title.default\">\n\t\t\t\t<div class=\"elementor-widget-container\">\n\t\t\t\t\t\t\t<div class=\"title-wrapper set-mb-s reset-last-child wd-title-color-default wd-title-style-default wd-title-size-medium text-left\">\n\n\t\t\t\n\t\t\t<div class=\"liner-continer\">\n\t\t\t\t<h4 class=\"woodmart-title-container title wd-fontsize-xl\">A nossa vis\u00e3o<\/h4> \n\t\t\t\t\t\t\t<\/div>\n\n\t\t\t\t\t<\/div>\n\t\t\t\t\t\t<\/div>\n\t\t\t\t<\/div>\n\t\t\t\t<div class=\"elementor-element elementor-element-82c3625 elementor-widget elementor-widget-wd_text_block\" data-id=\"82c3625\" data-element_type=\"widget\" data-e-type=\"widget\" data-widget_type=\"wd_text_block.default\">\n\t\t\t\t<div class=\"elementor-widget-container\">\n\t\t\t\t\t\t\t<div class=\"wd-text-block reset-last-child text-left\">\n\t\t\t\n\t\t\t<p>Pedir ao cliente que n\u00e3o preste aten\u00e7\u00e3o Lorem Ipsum n\u00e3o \u00e9 dif\u00edcil, pois n\u00e3o faz sentido, em primeiro lugar, isso limitar\u00e1 qualquer interesse inicial em breve. Tente dizer a um cliente para ignorar a c\u00f3pia do rascunho, no entanto, e voc\u00ea est\u00e1 fazendo algo que voc\u00ea n\u00e3o pode ganhar. Sempre que um rascunho aparece em uma reuni\u00e3o, perguntas confusas sobre isso acontecem.<\/p><p>O Lorem Ipsum \u00e9 necess\u00e1rio porque as palavras importam, muito. Basta preencher uma p\u00e1gina com um rascunho de c\u00f3pia sobre o neg\u00f3cio do cliente e eles realmente v\u00e3o l\u00ea-lo e comentar sobre ele. Eles ser\u00e3o atra\u00eddos por isso, ferozmente. Fa\u00e7a isso de maneira errada e o rascunho pode atrapalhar sua revis\u00e3o de design.<\/p>\n\t\t\t\t\t<\/div>\n\t\t\t\t\t\t<\/div>\n\t\t\t\t<\/div>\n\t\t\t\t<\/div>\n\t\t\t\t\t<\/div>\n\t\t\t\t<\/div>\n\t\t\t\t<\/div>\n\t\t","protected":false},"excerpt":{"rendered":"<p>Conhe\u00e7a o Megamarket Na pior das hip\u00f3teses, a discuss\u00e3o \u00e9 pelo menos trabalhar para o objetivo final do seu site,<\/p>\n","protected":false},"author":1,"featured_media":0,"parent":0,"menu_order":0,"comment_status":"closed","ping_status":"closed","template":"","meta":{"footnotes":""},"class_list":["post-275","page","type-page","status-publish","hentry"],"_links":{"self":[{"href":"https:\/\/orbitautomacao.com.br\/loja\/wp-json\/wp\/v2\/pages\/275","targetHints":{"allow":["GET"]}}],"collection":[{"href":"https:\/\/orbitautomacao.com.br\/loja\/wp-json\/wp\/v2\/pages"}],"about":[{"href":"https:\/\/orbitautomacao.com.br\/loja\/wp-json\/wp\/v2\/types\/page"}],"author":[{"embeddable":true,"href":"https:\/\/orbitautomacao.com.br\/loja\/wp-json\/wp\/v2\/users\/1"}],"replies":[{"embeddable":true,"href":"https:\/\/orbitautomacao.com.br\/loja\/wp-json\/wp\/v2\/comments?post=275"}],"version-history":[{"count":3,"href":"https:\/\/orbitautomacao.com.br\/loja\/wp-json\/wp\/v2\/pages\/275\/revisions"}],"predecessor-version":[{"id":27846,"href":"https:\/\/orbitautomacao.com.br\/loja\/wp-json\/wp\/v2\/pages\/275\/revisions\/27846"}],"wp:attachment":[{"href":"https:\/\/orbitautomacao.com.br\/loja\/wp-json\/wp\/v2\/media?parent=275"}],"curies":[{"name":"wp","href":"https:\/\/api.w.org\/{rel}","templated":true}]}}